{"id":9099,"date":"2018-02-28T17:00:14","date_gmt":"2018-02-28T17:00:14","guid":{"rendered":"https:\/\/bulbyourmind.com\/?page_id=9099"},"modified":"2021-08-01T18:05:51","modified_gmt":"2021-08-01T17:05:51","slug":"danke","status":"publish","type":"page","link":"https:\/\/bulbyourmind.com\/de\/dankeschoen\/","title":{"rendered":"Danke &#8211; Merci &#8211; Thank you!"},"content":{"rendered":"<div class=\"wpb-content-wrapper\"><p>[vc_row back_to_top_skin=&#8220;default&#8220;][vc_column width=&#8220;2\/3&#8243;][vc_column_text css_animation=&#8220;zoomIn&#8220;]<\/p>\n<h3>merci, f\u00fcr dein vertrauen!<\/h3>\n<p>[\/vc_column_text][vc_empty_space height=&#8220;20px&#8220;][vc_column_text]Congrats &#8211; Du bist jetzt fest in der Workshoprakete eingecheckt! Ich freue mich sehr Dich schon bald im Zoom-Raum begr\u00fc\u00dfen zu d\u00fcrfen. In der Zwischenzeit k\u00fcmmere ich mich flei\u00dfig um alle Vorbereitungen &#8211; so lass mich Dir f\u00fcr ein wenig Geduld danken: Ich melde mich bei Dir in den n\u00e4chsten Tagen wieder per Mail mit ein paar k\u00f6stlichen Appetithappen. Du erh\u00e4ltst in der Begr\u00fc\u00dfungsmail damit auch selbstverst\u00e4ndlich Deinen Zoom-Zugangslink. Please note: Die Abbuchung erfolgt direkt durch Digistore24.<\/p>\n<p>Schn\u00fcffel Du sehr gern v\u00f6llig gen\u00fcsslich weiter auf meine Seite. Vielleicht, ja nur vielleicht ist mein vertiefendes Coaching Programm \u2192 <a href=\"https:\/\/bulbyourmind.com\/?p=10636\"><span style=\"text-decoration: underline;\"><span style=\"color: #d4af37; text-decoration: underline;\"><strong>PRECIOUS<\/strong><\/span><\/span><\/a> etwas, was Dich auch interessieren kann. In der Deep-Dive Gruppenarbeit f\u00fcr 9-12 Wochen durchl\u00e4ufst Du mein speziell konzipiertes Selbstentwicklungssystem, um die durchsetzungsstarke und dabei vor allem w\u00fcrdevolle F\u00fchrungsheldin in Dir couragiert auf die B\u00fchne zu bringen. <strong>\ud83d\ude0a<\/strong><\/p>\n<p>For leaders in soulful awe! \u03c8<\/p>\n<p>#heartfelt, Deine Nadia[\/vc_column_text][\/vc_column][vc_column width=&#8220;1\/3&#8243; offset=&#8220;vc_hidden-xs&#8220;][vc_single_image image=&#8220;10108&#8243; img_size=&#8220;large&#8220; alignment=&#8220;center&#8220; style=&#8220;vc_box_shadow_border_circle&#8220;][\/vc_column][\/vc_row][vc_row content_aligment=&#8220;center&#8220; back_to_top_skin=&#8220;default&#8220;][vc_column][vc_empty_space height=&#8220;20px&#8220;][\/vc_column][\/vc_row]<\/p>\n<\/div>","protected":false},"excerpt":{"rendered":"<p>[vc_row back_to_top_skin=&#8220;default&#8220;][vc_column width=&#8220;2\/3&#8243;][vc_column_text css_animation=&#8220;zoomIn&#8220;] merci, f\u00fcr dein vertrauen! [\/vc_column_text][vc_empty_space height=&#8220;20px&#8220;][vc_column_text]Congrats&#8230;<\/p>\n","protected":false},"author":2,"featured_media":0,"parent":0,"menu_order":0,"comment_status":"closed","ping_status":"closed","template":"","meta":{"footnotes":""},"class_list":["post-9099","page","type-page","status-publish","hentry"],"yoast_head":"<!-- This site is optimized with the Yoast SEO plugin v26.9 - https:\/\/yoast.com\/product\/yoast-seo-wordpress\/ -->\n<title>Merci f\u00fcr Dein Vertrauen!<\/title>\n<meta name=\"description\" content=\"Merci! Du bist jetzt fest in der Workshoprakete eingecheckt! Ich freue mich sehr Dich schon bald im Zoom-Raum begr\u00fc\u00dfen zu d\u00fcrfen. In der Zwischenzeit k\u00fcmmere ich mich flei\u00dfig um alle Vorbereitungen - so lass mich Dir f\u00fcr ein wenig Geduld danken: Ich melde mich bei Dir in den n\u00e4chsten Tagen wieder per Mail mit ein paar k\u00f6stlichen Appetithappen.!\" \/>\n<meta name=\"robots\" content=\"index, follow, max-snippet:-1, max-image-preview:large, max-video-preview:-1\" \/>\n<link rel=\"canonical\" href=\"https:\/\/bulbyourmind.com\/thankyou\/\" \/>\n<meta property=\"og:locale\" content=\"de_DE\" \/>\n<meta property=\"og:type\" content=\"article\" \/>\n<meta property=\"og:title\" content=\"[:en]Merci f\u00fcr Dein Vertrauen!Merci f\u00fcr Dein Vertrauen![:de]Merci f\u00fcr Dein Vertrauen![:]\" \/>\n<meta property=\"og:description\" content=\"{:en}Merci! Du bist jetzt fest in der Workshoprakete eingecheckt! Ich freue mich sehr Dich schon bald im Zoom-Raum begr\u00fc\u00dfen zu d\u00fcrfen. In der Zwischenzeit k\u00fcmmere ich mich flei\u00dfig um alle Vorbereitungen - so lass mich Dir f\u00fcr ein wenig Geduld danken: Ich melde mich bei Dir in den n\u00e4chsten Tagen wieder per Mail mit ein paar k\u00f6stlichen Appetithappen.!Merci! Du bist jetzt fest in der Workshoprakete eingecheckt! Ich freue mich sehr Dich schon bald im Zoom-Raum begr\u00fc\u00dfen zu d\u00fcrfen. In der Zwischenzeit k\u00fcmmere ich mich flei\u00dfig um alle Vorbereitungen - so lass mich Dir f\u00fcr ein wenig Geduld danken: Ich melde mich bei Dir in den n\u00e4chsten Tagen wieder per Mail mit ein paar k\u00f6stlichen Appetithappen.!Merci! Du bist jetzt fest in der Workshoprakete eingecheckt! Ich freue mich sehr Dich schon bald im Zoom-Raum begr\u00fc\u00dfen zu d\u00fcrfen. In der Zwischenzeit k\u00fcmmere ich mich flei\u00dfig um alle Vorbereitungen - so lass mich Dir f\u00fcr ein wenig Geduld danken: Ich melde mich bei Dir in den n\u00e4chsten Tagen wieder per Mail mit ein paar k\u00f6stlichen Appetithappen.!{:de}Merci! Du bist jetzt fest in der Workshoprakete eingecheckt! Ich freue mich sehr Dich schon bald im Zoom-Raum begr\u00fc\u00dfen zu d\u00fcrfen. In der Zwischenzeit k\u00fcmmere ich mich flei\u00dfig um alle Vorbereitungen - so lass mich Dir f\u00fcr ein wenig Geduld danken: Ich melde mich bei Dir in den n\u00e4chsten Tagen wieder per Mail mit ein paar k\u00f6stlichen Appetithappen.!{:}\" \/>\n<meta property=\"og:url\" content=\"https:\/\/bulbyourmind.com\/thankyou\/\" \/>\n<meta property=\"og:site_name\" content=\"https:\/\/bulbyourmind.com\" \/>\n<meta property=\"article:publisher\" content=\"https:\/\/www.facebook.com\/bulbyourmind111\" \/>\n<meta property=\"article:modified_time\" content=\"2021-08-01T17:05:51+00:00\" \/>\n<meta name=\"twitter:card\" content=\"summary_large_image\" \/>\n<meta name=\"twitter:label1\" content=\"Gesch\u00e4tzte Lesezeit\" \/>\n\t<meta name=\"twitter:data1\" content=\"2\u00a0Minuten\" \/>\n<script type=\"application\/ld+json\" class=\"yoast-schema-graph\">{\"@context\":\"https:\/\/schema.org\",\"@graph\":[{\"@type\":\"WebPage\",\"@id\":\"https:\/\/bulbyourmind.com\/thankyou\/\",\"url\":\"https:\/\/bulbyourmind.com\/thankyou\/\",\"name\":\"[:en]Merci f\u00fcr Dein Vertrauen!Merci f\u00fcr Dein Vertrauen![:de]Merci f\u00fcr Dein Vertrauen![:]\",\"isPartOf\":{\"@id\":\"https:\/\/bulbyourmind.com\/#website\"},\"datePublished\":\"2018-02-28T17:00:14+00:00\",\"dateModified\":\"2021-08-01T17:05:51+00:00\",\"description\":\"{:en}Merci! Du bist jetzt fest in der Workshoprakete eingecheckt! Ich freue mich sehr Dich schon bald im Zoom-Raum begr\u00fc\u00dfen zu d\u00fcrfen. In der Zwischenzeit k\u00fcmmere ich mich flei\u00dfig um alle Vorbereitungen - so lass mich Dir f\u00fcr ein wenig Geduld danken: Ich melde mich bei Dir in den n\u00e4chsten Tagen wieder per Mail mit ein paar k\u00f6stlichen Appetithappen.!Merci! Du bist jetzt fest in der Workshoprakete eingecheckt! Ich freue mich sehr Dich schon bald im Zoom-Raum begr\u00fc\u00dfen zu d\u00fcrfen. In der Zwischenzeit k\u00fcmmere ich mich flei\u00dfig um alle Vorbereitungen - so lass mich Dir f\u00fcr ein wenig Geduld danken: Ich melde mich bei Dir in den n\u00e4chsten Tagen wieder per Mail mit ein paar k\u00f6stlichen Appetithappen.!Merci! Du bist jetzt fest in der Workshoprakete eingecheckt! Ich freue mich sehr Dich schon bald im Zoom-Raum begr\u00fc\u00dfen zu d\u00fcrfen. In der Zwischenzeit k\u00fcmmere ich mich flei\u00dfig um alle Vorbereitungen - so lass mich Dir f\u00fcr ein wenig Geduld danken: Ich melde mich bei Dir in den n\u00e4chsten Tagen wieder per Mail mit ein paar k\u00f6stlichen Appetithappen.!{:de}Merci! Du bist jetzt fest in der Workshoprakete eingecheckt! Ich freue mich sehr Dich schon bald im Zoom-Raum begr\u00fc\u00dfen zu d\u00fcrfen. In der Zwischenzeit k\u00fcmmere ich mich flei\u00dfig um alle Vorbereitungen - so lass mich Dir f\u00fcr ein wenig Geduld danken: Ich melde mich bei Dir in den n\u00e4chsten Tagen wieder per Mail mit ein paar k\u00f6stlichen Appetithappen.!{:}\",\"breadcrumb\":{\"@id\":\"https:\/\/bulbyourmind.com\/thankyou\/#breadcrumb\"},\"inLanguage\":\"de\",\"potentialAction\":[{\"@type\":\"ReadAction\",\"target\":[\"https:\/\/bulbyourmind.com\/thankyou\/\"]}]},{\"@type\":\"BreadcrumbList\",\"@id\":\"https:\/\/bulbyourmind.com\/thankyou\/#breadcrumb\",\"itemListElement\":[{\"@type\":\"ListItem\",\"position\":1,\"name\":\"Home\",\"item\":\"https:\/\/bulbyourmind.com\/\"},{\"@type\":\"ListItem\",\"position\":2,\"name\":\"Thank you &#8211; Thank you &#8211; Thank you\"}]},{\"@type\":\"WebSite\",\"@id\":\"https:\/\/bulbyourmind.com\/#website\",\"url\":\"https:\/\/bulbyourmind.com\/\",\"name\":\"https:\/\/bulbyourmind.com\",\"description\":\"Bulbyourmind.com\",\"publisher\":{\"@id\":\"https:\/\/bulbyourmind.com\/#organization\"},\"potentialAction\":[{\"@type\":\"SearchAction\",\"target\":{\"@type\":\"EntryPoint\",\"urlTemplate\":\"https:\/\/bulbyourmind.com\/?s={search_term_string}\"},\"query-input\":{\"@type\":\"PropertyValueSpecification\",\"valueRequired\":true,\"valueName\":\"search_term_string\"}}],\"inLanguage\":\"de\"},{\"@type\":\"Organization\",\"@id\":\"https:\/\/bulbyourmind.com\/#organization\",\"name\":\"Bulbyourmind.com\",\"url\":\"https:\/\/bulbyourmind.com\/\",\"logo\":{\"@type\":\"ImageObject\",\"inLanguage\":\"de\",\"@id\":\"https:\/\/bulbyourmind.com\/#\/schema\/logo\/image\/\",\"url\":\"https:\/\/bulbyourmind.com\/wp-content\/uploads\/2017\/11\/Logo-Dark-Gold-s.png\",\"contentUrl\":\"https:\/\/bulbyourmind.com\/wp-content\/uploads\/2017\/11\/Logo-Dark-Gold-s.png\",\"width\":1000,\"height\":192,\"caption\":\"Bulbyourmind.com\"},\"image\":{\"@id\":\"https:\/\/bulbyourmind.com\/#\/schema\/logo\/image\/\"},\"sameAs\":[\"https:\/\/www.facebook.com\/bulbyourmind111\"]}]}<\/script>\n<!-- \/ Yoast SEO plugin. -->","yoast_head_json":{"title":"Merci f\u00fcr Dein Vertrauen!","description":"Merci! Du bist jetzt fest in der Workshoprakete eingecheckt! Ich freue mich sehr Dich schon bald im Zoom-Raum begr\u00fc\u00dfen zu d\u00fcrfen. In der Zwischenzeit k\u00fcmmere ich mich flei\u00dfig um alle Vorbereitungen - so lass mich Dir f\u00fcr ein wenig Geduld danken: Ich melde mich bei Dir in den n\u00e4chsten Tagen wieder per Mail mit ein paar k\u00f6stlichen Appetithappen.!","robots":{"index":"index","follow":"follow","max-snippet":"max-snippet:-1","max-image-preview":"max-image-preview:large","max-video-preview":"max-video-preview:-1"},"canonical":"https:\/\/bulbyourmind.com\/thankyou\/","og_locale":"de_DE","og_type":"article","og_title":"[:en]Merci f\u00fcr Dein Vertrauen!Merci f\u00fcr Dein Vertrauen![:de]Merci f\u00fcr Dein Vertrauen![:]","og_description":"{:en}Merci! Du bist jetzt fest in der Workshoprakete eingecheckt! Ich freue mich sehr Dich schon bald im Zoom-Raum begr\u00fc\u00dfen zu d\u00fcrfen. In der Zwischenzeit k\u00fcmmere ich mich flei\u00dfig um alle Vorbereitungen - so lass mich Dir f\u00fcr ein wenig Geduld danken: Ich melde mich bei Dir in den n\u00e4chsten Tagen wieder per Mail mit ein paar k\u00f6stlichen Appetithappen.!Merci! Du bist jetzt fest in der Workshoprakete eingecheckt! Ich freue mich sehr Dich schon bald im Zoom-Raum begr\u00fc\u00dfen zu d\u00fcrfen. In der Zwischenzeit k\u00fcmmere ich mich flei\u00dfig um alle Vorbereitungen - so lass mich Dir f\u00fcr ein wenig Geduld danken: Ich melde mich bei Dir in den n\u00e4chsten Tagen wieder per Mail mit ein paar k\u00f6stlichen Appetithappen.!Merci! Du bist jetzt fest in der Workshoprakete eingecheckt! Ich freue mich sehr Dich schon bald im Zoom-Raum begr\u00fc\u00dfen zu d\u00fcrfen. In der Zwischenzeit k\u00fcmmere ich mich flei\u00dfig um alle Vorbereitungen - so lass mich Dir f\u00fcr ein wenig Geduld danken: Ich melde mich bei Dir in den n\u00e4chsten Tagen wieder per Mail mit ein paar k\u00f6stlichen Appetithappen.!{:de}Merci! Du bist jetzt fest in der Workshoprakete eingecheckt! Ich freue mich sehr Dich schon bald im Zoom-Raum begr\u00fc\u00dfen zu d\u00fcrfen. In der Zwischenzeit k\u00fcmmere ich mich flei\u00dfig um alle Vorbereitungen - so lass mich Dir f\u00fcr ein wenig Geduld danken: Ich melde mich bei Dir in den n\u00e4chsten Tagen wieder per Mail mit ein paar k\u00f6stlichen Appetithappen.!{:}","og_url":"https:\/\/bulbyourmind.com\/thankyou\/","og_site_name":"https:\/\/bulbyourmind.com","article_publisher":"https:\/\/www.facebook.com\/bulbyourmind111","article_modified_time":"2021-08-01T17:05:51+00:00","twitter_card":"summary_large_image","twitter_misc":{"Gesch\u00e4tzte Lesezeit":"2\u00a0Minuten"},"schema":{"@context":"https:\/\/schema.org","@graph":[{"@type":"WebPage","@id":"https:\/\/bulbyourmind.com\/thankyou\/","url":"https:\/\/bulbyourmind.com\/thankyou\/","name":"[:en]Merci f\u00fcr Dein Vertrauen!Merci f\u00fcr Dein Vertrauen![:de]Merci f\u00fcr Dein Vertrauen![:]","isPartOf":{"@id":"https:\/\/bulbyourmind.com\/#website"},"datePublished":"2018-02-28T17:00:14+00:00","dateModified":"2021-08-01T17:05:51+00:00","description":"{:en}Merci! Du bist jetzt fest in der Workshoprakete eingecheckt! Ich freue mich sehr Dich schon bald im Zoom-Raum begr\u00fc\u00dfen zu d\u00fcrfen. In der Zwischenzeit k\u00fcmmere ich mich flei\u00dfig um alle Vorbereitungen - so lass mich Dir f\u00fcr ein wenig Geduld danken: Ich melde mich bei Dir in den n\u00e4chsten Tagen wieder per Mail mit ein paar k\u00f6stlichen Appetithappen.!Merci! Du bist jetzt fest in der Workshoprakete eingecheckt! Ich freue mich sehr Dich schon bald im Zoom-Raum begr\u00fc\u00dfen zu d\u00fcrfen. In der Zwischenzeit k\u00fcmmere ich mich flei\u00dfig um alle Vorbereitungen - so lass mich Dir f\u00fcr ein wenig Geduld danken: Ich melde mich bei Dir in den n\u00e4chsten Tagen wieder per Mail mit ein paar k\u00f6stlichen Appetithappen.!Merci! Du bist jetzt fest in der Workshoprakete eingecheckt! Ich freue mich sehr Dich schon bald im Zoom-Raum begr\u00fc\u00dfen zu d\u00fcrfen. In der Zwischenzeit k\u00fcmmere ich mich flei\u00dfig um alle Vorbereitungen - so lass mich Dir f\u00fcr ein wenig Geduld danken: Ich melde mich bei Dir in den n\u00e4chsten Tagen wieder per Mail mit ein paar k\u00f6stlichen Appetithappen.!{:de}Merci! Du bist jetzt fest in der Workshoprakete eingecheckt! Ich freue mich sehr Dich schon bald im Zoom-Raum begr\u00fc\u00dfen zu d\u00fcrfen. In der Zwischenzeit k\u00fcmmere ich mich flei\u00dfig um alle Vorbereitungen - so lass mich Dir f\u00fcr ein wenig Geduld danken: Ich melde mich bei Dir in den n\u00e4chsten Tagen wieder per Mail mit ein paar k\u00f6stlichen Appetithappen.!{:}","breadcrumb":{"@id":"https:\/\/bulbyourmind.com\/thankyou\/#breadcrumb"},"inLanguage":"de","potentialAction":[{"@type":"ReadAction","target":["https:\/\/bulbyourmind.com\/thankyou\/"]}]},{"@type":"BreadcrumbList","@id":"https:\/\/bulbyourmind.com\/thankyou\/#breadcrumb","itemListElement":[{"@type":"ListItem","position":1,"name":"Home","item":"https:\/\/bulbyourmind.com\/"},{"@type":"ListItem","position":2,"name":"Thank you &#8211; Thank you &#8211; Thank you"}]},{"@type":"WebSite","@id":"https:\/\/bulbyourmind.com\/#website","url":"https:\/\/bulbyourmind.com\/","name":"https:\/\/bulbyourmind.com","description":"Bulbyourmind.com","publisher":{"@id":"https:\/\/bulbyourmind.com\/#organization"},"potentialAction":[{"@type":"SearchAction","target":{"@type":"EntryPoint","urlTemplate":"https:\/\/bulbyourmind.com\/?s={search_term_string}"},"query-input":{"@type":"PropertyValueSpecification","valueRequired":true,"valueName":"search_term_string"}}],"inLanguage":"de"},{"@type":"Organization","@id":"https:\/\/bulbyourmind.com\/#organization","name":"Bulbyourmind.com","url":"https:\/\/bulbyourmind.com\/","logo":{"@type":"ImageObject","inLanguage":"de","@id":"https:\/\/bulbyourmind.com\/#\/schema\/logo\/image\/","url":"https:\/\/bulbyourmind.com\/wp-content\/uploads\/2017\/11\/Logo-Dark-Gold-s.png","contentUrl":"https:\/\/bulbyourmind.com\/wp-content\/uploads\/2017\/11\/Logo-Dark-Gold-s.png","width":1000,"height":192,"caption":"Bulbyourmind.com"},"image":{"@id":"https:\/\/bulbyourmind.com\/#\/schema\/logo\/image\/"},"sameAs":["https:\/\/www.facebook.com\/bulbyourmind111"]}]}},"_links":{"self":[{"href":"https:\/\/bulbyourmind.com\/de\/wp-json\/wp\/v2\/pages\/9099","targetHints":{"allow":["GET"]}}],"collection":[{"href":"https:\/\/bulbyourmind.com\/de\/wp-json\/wp\/v2\/pages"}],"about":[{"href":"https:\/\/bulbyourmind.com\/de\/wp-json\/wp\/v2\/types\/page"}],"author":[{"embeddable":true,"href":"https:\/\/bulbyourmind.com\/de\/wp-json\/wp\/v2\/users\/2"}],"replies":[{"embeddable":true,"href":"https:\/\/bulbyourmind.com\/de\/wp-json\/wp\/v2\/comments?post=9099"}],"version-history":[{"count":84,"href":"https:\/\/bulbyourmind.com\/de\/wp-json\/wp\/v2\/pages\/9099\/revisions"}],"predecessor-version":[{"id":9597,"href":"https:\/\/bulbyourmind.com\/de\/wp-json\/wp\/v2\/pages\/9099\/revisions\/9597"}],"wp:attachment":[{"href":"https:\/\/bulbyourmind.com\/de\/wp-json\/wp\/v2\/media?parent=9099"}],"curies":[{"name":"wp","href":"https:\/\/api.w.org\/{rel}","templated":true}]}}