{"id":8121,"date":"2017-11-19T20:39:35","date_gmt":"2017-11-19T20:39:35","guid":{"rendered":"http:\/\/bulbyourmind.com\/?page_id=8121"},"modified":"2021-10-13T21:13:31","modified_gmt":"2021-10-13T20:13:31","slug":"nadia-aragon-about","status":"publish","type":"page","link":"https:\/\/bulbyourmind.com\/de\/ueber-nadia\/","title":{"rendered":"Nadia Aragon"},"content":{"rendered":"<div class=\"wpb-content-wrapper\"><p>[vc_row content_width=&#8220;grid&#8220; back_to_top_skin=&#8220;default&#8220;][vc_column]<div class=\"edgtf-elements-holder edgtf-two-columns edgtf-responsive-mode-1024\" ><div class=\"edgtf-elements-holder-item \" data-item-class=\"edgtf-elements-holder-custom-865674\" data-768-1024=\"140px 0 100px 15%\" data-600-768=\"140px 0 100px 5%\" data-480=\"140px 0 50px 0%\" >\n\t\t<div class=\"edgtf-elements-holder-item-inner\">\n\t\t<div class=\"edgtf-elements-holder-item-content edgtf-elements-holder-custom-865674\" style=\"padding: 130px 0 130px 8%\">\n\t\t\t[vc_single_image image=&#8220;8146&#8243; img_size=&#8220;full&#8220;]\t\t<\/div>\n\t<\/div>\n<\/div><div class=\"edgtf-elements-holder-item edgtf-vertical-alignment-top\" data-item-class=\"edgtf-elements-holder-custom-515678\" data-768-1024=\"0px 0% 140px 2%\" data-480=\"0px 0% 154px 0%\" >\n\t\t<div class=\"edgtf-elements-holder-item-inner\">\n\t\t<div class=\"edgtf-elements-holder-item-content edgtf-elements-holder-custom-515678\" style=\"padding: 153px 0% 154px 4%\">\n\t\t\t<div class=\"edgtf-tabs clearfix edgtf-horizontal-tab edgtf-tab-without-icon\">\n\t<ul class=\"edgtf-tabs-nav\">\n\t\t\t\t\t<li>\n\t\t\t\t<a href=\"#tab-hi-ich-bin-nadia\">\n\t\t\t\t\t\n\t\t\t\t\t\t\t\t\t\t\t<span class=\"edgtf-tab-text-after-icon\">\n\t\t\t\t\t\t\tHi! Ich bin Nadia.\t\t\t\t\t\t<\/span>\n\t\t\t\t\t\t\t\t\t\t\t\n\t\t\t\t\t\t\t\t\t<\/a>\n\t\t\t <\/li>\n\t\t\t<\/ul> \n\t<div class=\"edgtf-tab-container\" id=\"tab-hi-ich-bin-nadia-632\" data-icon-pack=\"font_awesome\" data-icon-html=\"&lt;i class=&quot;edgtf-icon-font-awesome fa  &quot; &gt;&lt;\/i&gt;\">[vc_column_text]<span class=\"cf0\">Als zertifizierter, systemischer Coach <\/span>habe ich mich auf transformative Kehrtwenden spezialisiert und helfe weiblichen F\u00fchrungskr\u00e4ften ihre einzigartige Visionskraft ungehemmt frei zu entfesseln. Dich bei der inneren Arbeit sicheren Schrittes in Deine einzigartig vision\u00e4re Tatkraft <span class=\"cf0\">zu begleiten<\/span><span class=\"cf0\">\u00a0ist mein Soul Sweet Spot.<\/span><\/p>\n<p><!--EndFragment -->\u201cTIME-OUT! Einmal rechts abbiegen bitte!\u201d \u2026 so ging es mir schon mitten auf der Autobahn des Karrierelebens. Auf dem H\u00f6hepunkt: Burn-Out, die Seele im Generalstreik. Damals ersch\u00fctterte mich das bis ins Mark. Heute kann ich mit einem zutiefst dankbaren Grinsen dar\u00fcber schmunzeln.<\/p>\n<p>Denn so ich entschied ich mich konsequent f\u00fcr den n\u00e4chsten Schritt:<br \/>\nMein professionelles Quantum an Lebens- und Berufserfahrung, gew\u00fcrzt mit pers\u00f6nlicher Leidenschaft hier auf Bulb Your Mind zu meinem Coachingangebot f\u00fcr Privatpersonen sowie ver\u00e4nderungsbereite Organisationen zu verschmelzen. Und damit etwas zu verwirklichen, das mir zutiefst am Herzen liegt: Durch das \u2192 <span style=\"text-decoration: underline;\"><a href=\"https:\/\/bulbyourmind.com\/my-blog\/\" target=\"_blank\" rel=\"noopener noreferrer\"><span style=\"color: #d4af37; text-decoration: underline;\">Bloggen<\/span><\/a><\/span> (English only!) meine Liebe zur Sprache und zur belebten Philosophie auszudr\u00fccken &#8211; sowie Mut zu nachhaltig gesunder Entwicklung zu machen.<\/p>\n<p>Gern begleite ich Dich &#8211; als weibliche F\u00fchrungskraft &#8211; durch meinem Online-Leadership Programm PRECIOUS in 9-12 Wochen auf dem spannenden Weg zu Deinem inneren Mentor &amp; Deiner ganz eigenen, charismatischen Superpower. Du m\u00f6chtest mehr erfahren? Hier geht es direkt weiter zu <span style=\"text-decoration: underline; color: #d4af37;\"><strong>PRECIOUS<\/strong><\/span>! #iamprecious #innergenius<\/p>\n<p>Systemisch beratend unterst\u00fctze ich <strong>Organisationen &amp; F\u00fchrende<\/strong> bei komplexen Ver\u00e4nderungsvorhaben. Systemische Herangehensweisen, wie die Strukturaufstellung k\u00f6nnen hier wesentlich zu einem nachhaltigen Verst\u00e4ndnis von verdeckten Komplexit\u00e4tsdynamiken beitragen. \u2192 <a href=\"https:\/\/bulbyourmind.com\/ready-for-a-next-step\/business-constellations\/\" target=\"_blank\" rel=\"noopener\"><span style=\"text-decoration: underline; color: #d4af37;\"><span style=\"color: #d4af37; text-decoration: underline;\">Organisationsaufstellung.<\/span><\/span><\/a>[\/vc_column_text]<\/div><\/div>\t\t<\/div>\n\t<\/div>\n<\/div><\/div>[\/vc_column][\/vc_row][vc_row disable_element=&#8220;yes&#8220; row_type=&#8220;parallax&#8220; content_width=&#8220;grid&#8220; content_aligment=&#8220;right&#8220; full_screen_section_height=&#8220;no&#8220; back_to_top_skin=&#8220;default&#8220; css=&#8220;.vc_custom_1556470179454{padding-top: 180px !important;padding-bottom: 178px !important;background-position: center !important;background-repeat: no-repeat !important;background-size: cover !important;}&#8220; parallax_background_image=&#8220;8651&#8243;][vc_column width=&#8220;1\/2&#8243;]\n<div class=\"edgtf-section-title edgtf-section-align-right edgtf-underscore-left\" >\n\t<span class=\"edgtf-section-title-inner\"><\/span>\n<\/div>[vc_empty_space height=&#8220;7px&#8220;][vc_column_text][\/vc_column_text][vc_empty_space height=&#8220;24px&#8220;][vc_column_text]<\/p>\n<h4><\/h4>\n<p>[\/vc_column_text][vc_empty_space height=&#8220;26px&#8220;]<a href=\"https:\/\/bulbyourmind.com\/2017\/11\/28\/knock-knock-who-is-it\/\" target=\"_blank\" style=\"color: #ffffff\" class=\"edgtf-btn edgtf-btn-medium edgtf-btn-transparent edgtf-btn-hover-shuffle\"  >\n\t    <\/a>[\/vc_column][vc_column width=&#8220;1\/2&#8243;][\/vc_column][\/vc_row][vc_row disable_element=&#8220;yes&#8220; back_to_top_skin=&#8220;default&#8220;][vc_column][vc_empty_space height=&#8220;66px&#8220;][\/vc_column][\/vc_row][vc_row content_aligment=&#8220;center&#8220; css_animation=&#8220;edgtf-element-from-right&#8220; back_to_top_skin=&#8220;default&#8220; transition_delay=&#8220;800&#8243;][vc_column]<div class=\"edgtf-testimonials-holder clearfix\"><div class=\"edgtf-slick-slider-navigation-style edgtf-testimonials edgtf-testimonials-type-standard edgtf-testimonials-align-center\"  data-animation-speed=\"10000\"><div class=\"edgtf-testimonial-content edgtf-testimonials10376\">\n\t<div class=\"edgtf-testimonial-content-inner\">\n\t\t<div class=\"edgtf-testimonial-text-holder\">\n\t\t\t<div class=\"edgtf-testimonial-text-inner\">\n\t\t\t\t<div class=\"edgtf-testimonials-quotes\">\u201c<\/div>\n\t\t\t\t\t\t\t\t\t<h2 class=\"edgtf-testimonial-title\">\n\t\t\t\t\t\tImpulsvortrag\t\t\t\t\t<\/h2>\n\t\t\t\t\t\t\t\t<p class=\"edgtf-testimonial-text\">Das Karrieredinner in Hamburg zum Thema \u201eHochsensible F\u00fchrung \u2013 Widerspruch oder Chance?\u201c  geht zu Ende - Nadia Arag\u00f3n mit einem tollen Impulsvortrag und eine lange, intensive Diskussion im wundersch\u00f6nen Literaturhauscafe an der Alster.<\/p>\n                \t\t\t\t\t\t\t\t\t<div class = \"edgtf-testimonial-author\">\n\t\t\t\t\t\t<h5 class=\"edgtf-testimonial-author-text\">Herr M\u00fcller auf TWITTER\t\t\t\t\t\t\t\t\t\t\t\t\t\t\t<span class=\"edgtf-testimonials-job\"> - DFK Gesch\u00e4ftsf\u00fchrer Nord<\/span>\n\t\t\t\t\t\t\t\t\t\t\t\t\t<\/h5>\n\t\t\t\t\t<\/div>\n\t\t\t\t\t\t\t<\/div>\n\t\t<\/div>\n\t<\/div>\t\n<\/div>\n<div class=\"edgtf-testimonial-content edgtf-testimonials10026\">\n\t<div class=\"edgtf-testimonial-content-inner\">\n\t\t<div class=\"edgtf-testimonial-text-holder\">\n\t\t\t<div class=\"edgtf-testimonial-text-inner\">\n\t\t\t\t<div class=\"edgtf-testimonials-quotes\">\u201c<\/div>\n\t\t\t\t\t\t\t\t\t<h2 class=\"edgtf-testimonial-title\">\n\t\t\t\t\t\tImpulsvortrag\t\t\t\t\t<\/h2>\n\t\t\t\t\t\t\t\t<p class=\"edgtf-testimonial-text\">Am 16.05. durfte ich deinen Vortrag zu dem Thema Hochsensibilit\u00e4t im Job im Dr\u00e4gerwerk genie\u00dfen und m\u00f6chte mich nun noch einmal daf\u00fcr bedanken!\u00a0Ich denke noch sehr h\u00e4ufig daran zur\u00fcck, da ich f\u00fcr mich sehr wertvolle Informationen mitnehmen konnte.\u00a0[...] Vielen herzlichen Dank noch einmal f\u00fcr die Inspiration und den wirklich sehr interessanten Vortrag!<\/p>\n                \t\t\t\t\t\t\t\t\t<div class = \"edgtf-testimonial-author\">\n\t\t\t\t\t\t<h5 class=\"edgtf-testimonial-author-text\">Zuh\u00f6rerin, Dr\u00e4ger L\u00fcbeck\t\t\t\t\t\t\t\t\t\t\t\t\t<\/h5>\n\t\t\t\t\t<\/div>\n\t\t\t\t\t\t\t<\/div>\n\t\t<\/div>\n\t<\/div>\t\n<\/div>\n<div class=\"edgtf-testimonial-content edgtf-testimonials9997\">\n\t<div class=\"edgtf-testimonial-content-inner\">\n\t\t<div class=\"edgtf-testimonial-text-holder\">\n\t\t\t<div class=\"edgtf-testimonial-text-inner\">\n\t\t\t\t<div class=\"edgtf-testimonials-quotes\">\u201c<\/div>\n\t\t\t\t\t\t\t\t\t<h2 class=\"edgtf-testimonial-title\">\n\t\t\t\t\t\tIntensivcoaching\t\t\t\t\t<\/h2>\n\t\t\t\t\t\t\t\t<p class=\"edgtf-testimonial-text\">Ich bedanke mich f\u00fcr das tolle Coaching. Es waren pers\u00f6nliche Reisen zu mir selbst. Du hast so manche Blockaden und Muster bei mir aufgel\u00f6st und meine St\u00e4rken herausgearbeitet. Dieses sehr fokussiert und mit tollen, anschaulichen Hilfen. Danke auch f\u00fcr Deine humorvolle und einf\u00fchlsame Art. Jedes Treffen war eine Bereicherung.<\/p>\n                \t\t\t\t\t\t\t\t\t<div class = \"edgtf-testimonial-author\">\n\t\t\t\t\t\t<h5 class=\"edgtf-testimonial-author-text\">Klientin, Ratzeburg\t\t\t\t\t\t\t\t\t\t\t\t\t<\/h5>\n\t\t\t\t\t<\/div>\n\t\t\t\t\t\t\t<\/div>\n\t\t<\/div>\n\t<\/div>\t\n<\/div>\n<\/div><\/div>[vc_empty_space height=&#8220;66px&#8220;][\/vc_column][\/vc_row]<\/p>\n<\/div>","protected":false},"excerpt":{"rendered":"<p>[vc_row content_width=&#8220;grid&#8220; back_to_top_skin=&#8220;default&#8220;][vc_column][\/vc_column][\/vc_row][vc_row disable_element=&#8220;yes&#8220; row_type=&#8220;parallax&#8220; content_width=&#8220;grid&#8220; content_aligment=&#8220;right&#8220; full_screen_section_height=&#8220;no&#8220; back_to_top_skin=&#8220;default&#8220; css=&#8220;.vc_custom_1556470179454{padding-top:&#8230;<\/p>\n","protected":false},"author":2,"featured_media":0,"parent":0,"menu_order":0,"comment_status":"closed","ping_status":"closed","template":"full-width.php","meta":{"footnotes":""},"class_list":["post-8121","page","type-page","status-publish","hentry"],"yoast_head":"<!-- This site is optimized with the Yoast SEO plugin v26.9 - https:\/\/yoast.com\/product\/yoast-seo-wordpress\/ -->\n<title>\u00dcber Nadia Aragon - Soulful Leadership Coach<\/title>\n<meta name=\"description\" content=\"Ein Herzliches Willkommen! Ich bin Nadia Arag\u00f3n: Coach &amp; Aufstellerin - ein agiler, ganzheitlicher Geist mit spirituellem Herzblut. Zu meinem Service geh\u00f6rt Systemisches wie Soulful Leadership Development, mein Mentorship Programm PRECIOUS f\u00fcr weibliche, spirituell bewusste F\u00fchrungskr\u00e4fte und auch ganz allgemein die Organisationsaufstellungsarbeit. Ich habe mich freiberuflich auf das Thema weiblicher, intuitiver F\u00fchrungsmacht spezialisiert. Die professionelle Transformationsbegleitung pers\u00f6nlicher und auch komplexer, organisatorischer Entwicklungsanliegen ist mein Soul Sweet Spot. PRECIOUS - Intuitive Mentorship. Komm in mein neues Programm, wenn Du eine Frau in F\u00fchrung bist.\" \/>\n<meta name=\"robots\" content=\"index, follow, max-snippet:-1, max-image-preview:large, max-video-preview:-1\" \/>\n<link rel=\"canonical\" href=\"https:\/\/bulbyourmind.com\/about-nadia\/\" \/>\n<meta property=\"og:locale\" content=\"de_DE\" \/>\n<meta property=\"og:type\" content=\"article\" \/>\n<meta property=\"og:title\" content=\"\u00dcber Nadia Aragon - Soulful Leadership Coach\" \/>\n<meta property=\"og:description\" content=\"Ein Herzliches Willkommen! Ich bin Nadia Arag\u00f3n: Coach &amp; Aufstellerin - ein agiler, ganzheitlicher Geist mit spirituellem Herzblut. Zu meinem Service geh\u00f6rt Systemisches wie Soulful Leadership Development, mein Mentorship Programm PRECIOUS f\u00fcr weibliche, spirituell bewusste F\u00fchrungskr\u00e4fte und auch ganz allgemein die Organisationsaufstellungsarbeit. Ich habe mich freiberuflich auf das Thema weiblicher, intuitiver F\u00fchrungsmacht spezialisiert. Die professionelle Transformationsbegleitung pers\u00f6nlicher und auch komplexer, organisatorischer Entwicklungsanliegen ist mein Soul Sweet Spot. PRECIOUS - Intuitive Mentorship. Komm in mein neues Programm, wenn Du eine Frau in F\u00fchrung bist.\" \/>\n<meta property=\"og:url\" content=\"https:\/\/bulbyourmind.com\/about-nadia\/\" \/>\n<meta property=\"og:site_name\" content=\"https:\/\/bulbyourmind.com\" \/>\n<meta property=\"article:publisher\" content=\"https:\/\/www.facebook.com\/bulbyourmind111\" \/>\n<meta property=\"article:modified_time\" content=\"2021-10-13T20:13:31+00:00\" \/>\n<meta name=\"twitter:card\" content=\"summary_large_image\" \/>\n<meta name=\"twitter:label1\" content=\"Gesch\u00e4tzte Lesezeit\" \/>\n\t<meta name=\"twitter:data1\" content=\"5\u00a0Minuten\" \/>\n<script type=\"application\/ld+json\" class=\"yoast-schema-graph\">{\"@context\":\"https:\/\/schema.org\",\"@graph\":[{\"@type\":\"WebPage\",\"@id\":\"https:\/\/bulbyourmind.com\/about-nadia\/\",\"url\":\"https:\/\/bulbyourmind.com\/about-nadia\/\",\"name\":\"\u00dcber Nadia Aragon - Soulful Leadership Coach\",\"isPartOf\":{\"@id\":\"https:\/\/bulbyourmind.com\/#website\"},\"datePublished\":\"2017-11-19T20:39:35+00:00\",\"dateModified\":\"2021-10-13T20:13:31+00:00\",\"description\":\"Ein Herzliches Willkommen! Ich bin Nadia Arag\u00f3n: Coach & Aufstellerin - ein agiler, ganzheitlicher Geist mit spirituellem Herzblut. Zu meinem Service geh\u00f6rt Systemisches wie Soulful Leadership Development, mein Mentorship Programm PRECIOUS f\u00fcr weibliche, spirituell bewusste F\u00fchrungskr\u00e4fte und auch ganz allgemein die Organisationsaufstellungsarbeit. Ich habe mich freiberuflich auf das Thema weiblicher, intuitiver F\u00fchrungsmacht spezialisiert. Die professionelle Transformationsbegleitung pers\u00f6nlicher und auch komplexer, organisatorischer Entwicklungsanliegen ist mein Soul Sweet Spot. PRECIOUS - Intuitive Mentorship. Komm in mein neues Programm, wenn Du eine Frau in F\u00fchrung bist.\",\"breadcrumb\":{\"@id\":\"https:\/\/bulbyourmind.com\/about-nadia\/#breadcrumb\"},\"inLanguage\":\"de\",\"potentialAction\":[{\"@type\":\"ReadAction\",\"target\":[\"https:\/\/bulbyourmind.com\/about-nadia\/\"]}]},{\"@type\":\"BreadcrumbList\",\"@id\":\"https:\/\/bulbyourmind.com\/about-nadia\/#breadcrumb\",\"itemListElement\":[{\"@type\":\"ListItem\",\"position\":1,\"name\":\"Home\",\"item\":\"https:\/\/bulbyourmind.com\/\"},{\"@type\":\"ListItem\",\"position\":2,\"name\":\"Nadia Aragon\"}]},{\"@type\":\"WebSite\",\"@id\":\"https:\/\/bulbyourmind.com\/#website\",\"url\":\"https:\/\/bulbyourmind.com\/\",\"name\":\"https:\/\/bulbyourmind.com\",\"description\":\"Bulbyourmind.com\",\"publisher\":{\"@id\":\"https:\/\/bulbyourmind.com\/#organization\"},\"potentialAction\":[{\"@type\":\"SearchAction\",\"target\":{\"@type\":\"EntryPoint\",\"urlTemplate\":\"https:\/\/bulbyourmind.com\/?s={search_term_string}\"},\"query-input\":{\"@type\":\"PropertyValueSpecification\",\"valueRequired\":true,\"valueName\":\"search_term_string\"}}],\"inLanguage\":\"de\"},{\"@type\":\"Organization\",\"@id\":\"https:\/\/bulbyourmind.com\/#organization\",\"name\":\"Bulbyourmind.com\",\"url\":\"https:\/\/bulbyourmind.com\/\",\"logo\":{\"@type\":\"ImageObject\",\"inLanguage\":\"de\",\"@id\":\"https:\/\/bulbyourmind.com\/#\/schema\/logo\/image\/\",\"url\":\"https:\/\/bulbyourmind.com\/wp-content\/uploads\/2017\/11\/Logo-Dark-Gold-s.png\",\"contentUrl\":\"https:\/\/bulbyourmind.com\/wp-content\/uploads\/2017\/11\/Logo-Dark-Gold-s.png\",\"width\":1000,\"height\":192,\"caption\":\"Bulbyourmind.com\"},\"image\":{\"@id\":\"https:\/\/bulbyourmind.com\/#\/schema\/logo\/image\/\"},\"sameAs\":[\"https:\/\/www.facebook.com\/bulbyourmind111\"]}]}<\/script>\n<!-- \/ Yoast SEO plugin. -->","yoast_head_json":{"title":"\u00dcber Nadia Aragon - Soulful Leadership Coach","description":"Ein Herzliches Willkommen! Ich bin Nadia Arag\u00f3n: Coach & Aufstellerin - ein agiler, ganzheitlicher Geist mit spirituellem Herzblut. Zu meinem Service geh\u00f6rt Systemisches wie Soulful Leadership Development, mein Mentorship Programm PRECIOUS f\u00fcr weibliche, spirituell bewusste F\u00fchrungskr\u00e4fte und auch ganz allgemein die Organisationsaufstellungsarbeit. Ich habe mich freiberuflich auf das Thema weiblicher, intuitiver F\u00fchrungsmacht spezialisiert. Die professionelle Transformationsbegleitung pers\u00f6nlicher und auch komplexer, organisatorischer Entwicklungsanliegen ist mein Soul Sweet Spot. PRECIOUS - Intuitive Mentorship. Komm in mein neues Programm, wenn Du eine Frau in F\u00fchrung bist.","robots":{"index":"index","follow":"follow","max-snippet":"max-snippet:-1","max-image-preview":"max-image-preview:large","max-video-preview":"max-video-preview:-1"},"canonical":"https:\/\/bulbyourmind.com\/about-nadia\/","og_locale":"de_DE","og_type":"article","og_title":"\u00dcber Nadia Aragon - Soulful Leadership Coach","og_description":"Ein Herzliches Willkommen! Ich bin Nadia Arag\u00f3n: Coach & Aufstellerin - ein agiler, ganzheitlicher Geist mit spirituellem Herzblut. Zu meinem Service geh\u00f6rt Systemisches wie Soulful Leadership Development, mein Mentorship Programm PRECIOUS f\u00fcr weibliche, spirituell bewusste F\u00fchrungskr\u00e4fte und auch ganz allgemein die Organisationsaufstellungsarbeit. Ich habe mich freiberuflich auf das Thema weiblicher, intuitiver F\u00fchrungsmacht spezialisiert. Die professionelle Transformationsbegleitung pers\u00f6nlicher und auch komplexer, organisatorischer Entwicklungsanliegen ist mein Soul Sweet Spot. PRECIOUS - Intuitive Mentorship. Komm in mein neues Programm, wenn Du eine Frau in F\u00fchrung bist.","og_url":"https:\/\/bulbyourmind.com\/about-nadia\/","og_site_name":"https:\/\/bulbyourmind.com","article_publisher":"https:\/\/www.facebook.com\/bulbyourmind111","article_modified_time":"2021-10-13T20:13:31+00:00","twitter_card":"summary_large_image","twitter_misc":{"Gesch\u00e4tzte Lesezeit":"5\u00a0Minuten"},"schema":{"@context":"https:\/\/schema.org","@graph":[{"@type":"WebPage","@id":"https:\/\/bulbyourmind.com\/about-nadia\/","url":"https:\/\/bulbyourmind.com\/about-nadia\/","name":"\u00dcber Nadia Aragon - Soulful Leadership Coach","isPartOf":{"@id":"https:\/\/bulbyourmind.com\/#website"},"datePublished":"2017-11-19T20:39:35+00:00","dateModified":"2021-10-13T20:13:31+00:00","description":"Ein Herzliches Willkommen! Ich bin Nadia Arag\u00f3n: Coach & Aufstellerin - ein agiler, ganzheitlicher Geist mit spirituellem Herzblut. Zu meinem Service geh\u00f6rt Systemisches wie Soulful Leadership Development, mein Mentorship Programm PRECIOUS f\u00fcr weibliche, spirituell bewusste F\u00fchrungskr\u00e4fte und auch ganz allgemein die Organisationsaufstellungsarbeit. Ich habe mich freiberuflich auf das Thema weiblicher, intuitiver F\u00fchrungsmacht spezialisiert. Die professionelle Transformationsbegleitung pers\u00f6nlicher und auch komplexer, organisatorischer Entwicklungsanliegen ist mein Soul Sweet Spot. PRECIOUS - Intuitive Mentorship. Komm in mein neues Programm, wenn Du eine Frau in F\u00fchrung bist.","breadcrumb":{"@id":"https:\/\/bulbyourmind.com\/about-nadia\/#breadcrumb"},"inLanguage":"de","potentialAction":[{"@type":"ReadAction","target":["https:\/\/bulbyourmind.com\/about-nadia\/"]}]},{"@type":"BreadcrumbList","@id":"https:\/\/bulbyourmind.com\/about-nadia\/#breadcrumb","itemListElement":[{"@type":"ListItem","position":1,"name":"Home","item":"https:\/\/bulbyourmind.com\/"},{"@type":"ListItem","position":2,"name":"Nadia Aragon"}]},{"@type":"WebSite","@id":"https:\/\/bulbyourmind.com\/#website","url":"https:\/\/bulbyourmind.com\/","name":"https:\/\/bulbyourmind.com","description":"Bulbyourmind.com","publisher":{"@id":"https:\/\/bulbyourmind.com\/#organization"},"potentialAction":[{"@type":"SearchAction","target":{"@type":"EntryPoint","urlTemplate":"https:\/\/bulbyourmind.com\/?s={search_term_string}"},"query-input":{"@type":"PropertyValueSpecification","valueRequired":true,"valueName":"search_term_string"}}],"inLanguage":"de"},{"@type":"Organization","@id":"https:\/\/bulbyourmind.com\/#organization","name":"Bulbyourmind.com","url":"https:\/\/bulbyourmind.com\/","logo":{"@type":"ImageObject","inLanguage":"de","@id":"https:\/\/bulbyourmind.com\/#\/schema\/logo\/image\/","url":"https:\/\/bulbyourmind.com\/wp-content\/uploads\/2017\/11\/Logo-Dark-Gold-s.png","contentUrl":"https:\/\/bulbyourmind.com\/wp-content\/uploads\/2017\/11\/Logo-Dark-Gold-s.png","width":1000,"height":192,"caption":"Bulbyourmind.com"},"image":{"@id":"https:\/\/bulbyourmind.com\/#\/schema\/logo\/image\/"},"sameAs":["https:\/\/www.facebook.com\/bulbyourmind111"]}]}},"_links":{"self":[{"href":"https:\/\/bulbyourmind.com\/de\/wp-json\/wp\/v2\/pages\/8121","targetHints":{"allow":["GET"]}}],"collection":[{"href":"https:\/\/bulbyourmind.com\/de\/wp-json\/wp\/v2\/pages"}],"about":[{"href":"https:\/\/bulbyourmind.com\/de\/wp-json\/wp\/v2\/types\/page"}],"author":[{"embeddable":true,"href":"https:\/\/bulbyourmind.com\/de\/wp-json\/wp\/v2\/users\/2"}],"replies":[{"embeddable":true,"href":"https:\/\/bulbyourmind.com\/de\/wp-json\/wp\/v2\/comments?post=8121"}],"version-history":[{"count":356,"href":"https:\/\/bulbyourmind.com\/de\/wp-json\/wp\/v2\/pages\/8121\/revisions"}],"predecessor-version":[{"id":11649,"href":"https:\/\/bulbyourmind.com\/de\/wp-json\/wp\/v2\/pages\/8121\/revisions\/11649"}],"wp:attachment":[{"href":"https:\/\/bulbyourmind.com\/de\/wp-json\/wp\/v2\/media?parent=8121"}],"curies":[{"name":"wp","href":"https:\/\/api.w.org\/{rel}","templated":true}]}}