{"id":2,"date":"2017-09-01T22:06:06","date_gmt":"2017-09-01T21:06:06","guid":{"rendered":"http:\/\/bulbyourmind.com\/?page_id=2"},"modified":"2024-09-02T15:28:31","modified_gmt":"2024-09-02T14:28:31","slug":"legal-notice","status":"publish","type":"page","link":"https:\/\/bulbyourmind.com\/de\/impressum\/","title":{"rendered":"Impressum"},"content":{"rendered":"<h1>Impressum<\/h1>\n<h2>Angaben gem\u00e4\u00df \u00a7 5 TMG:<\/h2>\n<p>Nadia Arag\u00f3n<br \/>\nBulb Your Mind<br \/>\nRosengarten 5<br \/>\n23552 L\u00fcbeck<\/p>\n<h2>Kontakt:<\/h2>\n<p>Telefon: +49 162 31-72-753<br \/>\nE-Mail: bulbme@bulbyourmind.com<\/p>\n<h2>Verantwortlich f\u00fcr den Inhalt nach \u00a7 55 Abs. 2 RStV:<\/h2>\n<p>Nadia Oulhaj<br \/>\nRosengarten 5<br \/>\n23566 L\u00fcbeck<\/p>\n<h2>Streitschlichtung<\/h2>\n<p>Die Europ\u00e4ische Kommission stellt eine Plattform zur Online-Streitbeilegung (OS) bereit: <a href=\"https:\/\/ec.europa.eu\/consumers\/odr\" target=\"_blank\" rel=\"noopener noreferrer\">https:\/\/ec.europa.eu\/consumers\/odr<\/a>.<br \/>\nUnsere E-Mail-Adresse finden Sie oben im Impressum.<\/p>\n<p>Wir sind nicht bereit oder verpflichtet, an Streitbeilegungsverfahren vor einer Verbraucherschlichtungsstelle teilzunehmen.<\/p>\n<h3>Haftung f\u00fcr Inhalte<\/h3>\n<p>Als Diensteanbieter sind wir gem\u00e4\u00df \u00a7 7 Abs.1 TMG f\u00fcr eigene Inhalte auf diesen Seiten nach den allgemeinen Gesetzen verantwortlich. Nach \u00a7\u00a7 8 bis 10 TMG sind wir als Diensteanbieter jedoch nicht verpflichtet, \u00fcbermittelte oder gespeicherte fremde Informationen zu \u00fcberwachen oder nach Umst\u00e4nden zu forschen, die auf eine rechtswidrige T\u00e4tigkeit hinweisen.<\/p>\n<p>Verpflichtungen zur Entfernung oder Sperrung der Nutzung von Informationen nach den allgemeinen Gesetzen bleiben hiervon unber\u00fchrt. Eine diesbez\u00fcgliche Haftung ist jedoch erst ab dem Zeitpunkt der Kenntnis einer konkreten Rechtsverletzung m\u00f6glich. Bei Bekanntwerden von entsprechenden Rechtsverletzungen werden wir diese Inhalte umgehend entfernen.<\/p>\n<h3>Haftung f\u00fcr Links<\/h3>\n<p>Unser Angebot enth\u00e4lt Links zu externen Websites Dritter, auf deren Inhalte wir keinen Einfluss haben. Deshalb k\u00f6nnen wir f\u00fcr diese fremden Inhalte auch keine Gew\u00e4hr \u00fcbernehmen. F\u00fcr die Inhalte der verlinkten Seiten ist stets der jeweilige Anbieter oder Betreiber der Seiten verantwortlich. Die verlinkten Seiten wurden zum Zeitpunkt der Verlinkung auf m\u00f6gliche Rechtsverst\u00f6\u00dfe \u00fcberpr\u00fcft. Rechtswidrige Inhalte waren zum Zeitpunkt der Verlinkung nicht erkennbar.<\/p>\n<p>Eine permanente inhaltliche Kontrolle der verlinkten Seiten ist jedoch ohne konkrete Anhaltspunkte einer Rechtsverletzung nicht zumutbar. Bei Bekanntwerden von Rechtsverletzungen werden wir derartige Links umgehend entfernen.<\/p>\n<h3>Urheberrecht<\/h3>\n<p>Die durch die Seitenbetreiber erstellten Inhalte und Werke auf diesen Seiten unterliegen dem deutschen Urheberrecht. Die Vervielf\u00e4ltigung, Bearbeitung, Verbreitung und jede Art der Verwertung au\u00dferhalb der Grenzen des Urheberrechtes bed\u00fcrfen der schriftlichen Zustimmung des jeweiligen Autors bzw. Erstellers. Downloads und Kopien dieser Seite sind nur f\u00fcr den privaten, nicht kommerziellen Gebrauch gestattet.<\/p>\n<p>Soweit die Inhalte auf dieser Seite nicht vom Betreiber erstellt wurden, werden die Urheberrechte Dritter beachtet. Insbesondere werden Inhalte Dritter als solche gekennzeichnet. Sollten Sie trotzdem auf eine Urheberrechtsverletzung aufmerksam werden, bitten wir um einen entsprechenden Hinweis. Bei Bekanntwerden von Rechtsverletzungen werden wir derartige Inhalte umgehend entfernen.<\/p>\n","protected":false},"excerpt":{"rendered":"<p>Impressum Angaben gem\u00e4\u00df \u00a7 5 TMG: Nadia Arag\u00f3n Bulb Your&#8230;<\/p>\n","protected":false},"author":2,"featured_media":0,"parent":0,"menu_order":0,"comment_status":"closed","ping_status":"closed","template":"","meta":{"footnotes":""},"class_list":["post-2","page","type-page","status-publish","hentry"],"yoast_head":"<!-- This site is optimized with the Yoast SEO plugin v26.9 - https:\/\/yoast.com\/product\/yoast-seo-wordpress\/ -->\n<title>Bulb Your Mind - Legal Notice<\/title>\n<meta name=\"description\" content=\"This is Bulb Your Mind&#039;s legal site notice. INFORMATION PROVIDED ACCORDING TO SEC. 5 GERMAN TELEMEDIA ACT (TMG):\" \/>\n<meta name=\"robots\" content=\"index, follow, max-snippet:-1, max-image-preview:large, max-video-preview:-1\" \/>\n<link rel=\"canonical\" href=\"https:\/\/bulbyourmind.com\/legal-notice\/\" \/>\n<meta property=\"og:locale\" content=\"de_DE\" \/>\n<meta property=\"og:type\" content=\"article\" \/>\n<meta property=\"og:title\" content=\"Bulb Your Mind - Legal Notice\" \/>\n<meta property=\"og:description\" content=\"This is Bulb Your Mind&#039;s legal site notice. INFORMATION PROVIDED ACCORDING TO SEC. 5 GERMAN TELEMEDIA ACT (TMG):\" \/>\n<meta property=\"og:url\" content=\"https:\/\/bulbyourmind.com\/legal-notice\/\" \/>\n<meta property=\"og:site_name\" content=\"https:\/\/bulbyourmind.com\" \/>\n<meta property=\"article:publisher\" content=\"https:\/\/www.facebook.com\/bulbyourmind111\" \/>\n<meta property=\"article:modified_time\" content=\"2024-09-02T14:28:31+00:00\" \/>\n<meta name=\"twitter:card\" content=\"summary_large_image\" \/>\n<meta name=\"twitter:label1\" content=\"Gesch\u00e4tzte Lesezeit\" \/>\n\t<meta name=\"twitter:data1\" content=\"2\u00a0Minuten\" \/>\n<script type=\"application\/ld+json\" class=\"yoast-schema-graph\">{\"@context\":\"https:\/\/schema.org\",\"@graph\":[{\"@type\":\"WebPage\",\"@id\":\"https:\/\/bulbyourmind.com\/legal-notice\/\",\"url\":\"https:\/\/bulbyourmind.com\/legal-notice\/\",\"name\":\"Bulb Your Mind - Legal Notice\",\"isPartOf\":{\"@id\":\"https:\/\/bulbyourmind.com\/#website\"},\"datePublished\":\"2017-09-01T21:06:06+00:00\",\"dateModified\":\"2024-09-02T14:28:31+00:00\",\"description\":\"This is Bulb Your Mind's legal site notice. INFORMATION PROVIDED ACCORDING TO SEC. 5 GERMAN TELEMEDIA ACT (TMG):\",\"breadcrumb\":{\"@id\":\"https:\/\/bulbyourmind.com\/legal-notice\/#breadcrumb\"},\"inLanguage\":\"de\",\"potentialAction\":[{\"@type\":\"ReadAction\",\"target\":[\"https:\/\/bulbyourmind.com\/legal-notice\/\"]}]},{\"@type\":\"BreadcrumbList\",\"@id\":\"https:\/\/bulbyourmind.com\/legal-notice\/#breadcrumb\",\"itemListElement\":[{\"@type\":\"ListItem\",\"position\":1,\"name\":\"Home\",\"item\":\"https:\/\/bulbyourmind.com\/\"},{\"@type\":\"ListItem\",\"position\":2,\"name\":\"Impressum\"}]},{\"@type\":\"WebSite\",\"@id\":\"https:\/\/bulbyourmind.com\/#website\",\"url\":\"https:\/\/bulbyourmind.com\/\",\"name\":\"https:\/\/bulbyourmind.com\",\"description\":\"Bulbyourmind.com\",\"publisher\":{\"@id\":\"https:\/\/bulbyourmind.com\/#organization\"},\"potentialAction\":[{\"@type\":\"SearchAction\",\"target\":{\"@type\":\"EntryPoint\",\"urlTemplate\":\"https:\/\/bulbyourmind.com\/?s={search_term_string}\"},\"query-input\":{\"@type\":\"PropertyValueSpecification\",\"valueRequired\":true,\"valueName\":\"search_term_string\"}}],\"inLanguage\":\"de\"},{\"@type\":\"Organization\",\"@id\":\"https:\/\/bulbyourmind.com\/#organization\",\"name\":\"Bulbyourmind.com\",\"url\":\"https:\/\/bulbyourmind.com\/\",\"logo\":{\"@type\":\"ImageObject\",\"inLanguage\":\"de\",\"@id\":\"https:\/\/bulbyourmind.com\/#\/schema\/logo\/image\/\",\"url\":\"https:\/\/bulbyourmind.com\/wp-content\/uploads\/2017\/11\/Logo-Dark-Gold-s.png\",\"contentUrl\":\"https:\/\/bulbyourmind.com\/wp-content\/uploads\/2017\/11\/Logo-Dark-Gold-s.png\",\"width\":1000,\"height\":192,\"caption\":\"Bulbyourmind.com\"},\"image\":{\"@id\":\"https:\/\/bulbyourmind.com\/#\/schema\/logo\/image\/\"},\"sameAs\":[\"https:\/\/www.facebook.com\/bulbyourmind111\"]}]}<\/script>\n<!-- \/ Yoast SEO plugin. -->","yoast_head_json":{"title":"Bulb Your Mind - Legal Notice","description":"This is Bulb Your Mind's legal site notice. INFORMATION PROVIDED ACCORDING TO SEC. 5 GERMAN TELEMEDIA ACT (TMG):","robots":{"index":"index","follow":"follow","max-snippet":"max-snippet:-1","max-image-preview":"max-image-preview:large","max-video-preview":"max-video-preview:-1"},"canonical":"https:\/\/bulbyourmind.com\/legal-notice\/","og_locale":"de_DE","og_type":"article","og_title":"Bulb Your Mind - Legal Notice","og_description":"This is Bulb Your Mind's legal site notice. INFORMATION PROVIDED ACCORDING TO SEC. 5 GERMAN TELEMEDIA ACT (TMG):","og_url":"https:\/\/bulbyourmind.com\/legal-notice\/","og_site_name":"https:\/\/bulbyourmind.com","article_publisher":"https:\/\/www.facebook.com\/bulbyourmind111","article_modified_time":"2024-09-02T14:28:31+00:00","twitter_card":"summary_large_image","twitter_misc":{"Gesch\u00e4tzte Lesezeit":"2\u00a0Minuten"},"schema":{"@context":"https:\/\/schema.org","@graph":[{"@type":"WebPage","@id":"https:\/\/bulbyourmind.com\/legal-notice\/","url":"https:\/\/bulbyourmind.com\/legal-notice\/","name":"Bulb Your Mind - Legal Notice","isPartOf":{"@id":"https:\/\/bulbyourmind.com\/#website"},"datePublished":"2017-09-01T21:06:06+00:00","dateModified":"2024-09-02T14:28:31+00:00","description":"This is Bulb Your Mind's legal site notice. INFORMATION PROVIDED ACCORDING TO SEC. 5 GERMAN TELEMEDIA ACT (TMG):","breadcrumb":{"@id":"https:\/\/bulbyourmind.com\/legal-notice\/#breadcrumb"},"inLanguage":"de","potentialAction":[{"@type":"ReadAction","target":["https:\/\/bulbyourmind.com\/legal-notice\/"]}]},{"@type":"BreadcrumbList","@id":"https:\/\/bulbyourmind.com\/legal-notice\/#breadcrumb","itemListElement":[{"@type":"ListItem","position":1,"name":"Home","item":"https:\/\/bulbyourmind.com\/"},{"@type":"ListItem","position":2,"name":"Impressum"}]},{"@type":"WebSite","@id":"https:\/\/bulbyourmind.com\/#website","url":"https:\/\/bulbyourmind.com\/","name":"https:\/\/bulbyourmind.com","description":"Bulbyourmind.com","publisher":{"@id":"https:\/\/bulbyourmind.com\/#organization"},"potentialAction":[{"@type":"SearchAction","target":{"@type":"EntryPoint","urlTemplate":"https:\/\/bulbyourmind.com\/?s={search_term_string}"},"query-input":{"@type":"PropertyValueSpecification","valueRequired":true,"valueName":"search_term_string"}}],"inLanguage":"de"},{"@type":"Organization","@id":"https:\/\/bulbyourmind.com\/#organization","name":"Bulbyourmind.com","url":"https:\/\/bulbyourmind.com\/","logo":{"@type":"ImageObject","inLanguage":"de","@id":"https:\/\/bulbyourmind.com\/#\/schema\/logo\/image\/","url":"https:\/\/bulbyourmind.com\/wp-content\/uploads\/2017\/11\/Logo-Dark-Gold-s.png","contentUrl":"https:\/\/bulbyourmind.com\/wp-content\/uploads\/2017\/11\/Logo-Dark-Gold-s.png","width":1000,"height":192,"caption":"Bulbyourmind.com"},"image":{"@id":"https:\/\/bulbyourmind.com\/#\/schema\/logo\/image\/"},"sameAs":["https:\/\/www.facebook.com\/bulbyourmind111"]}]}},"_links":{"self":[{"href":"https:\/\/bulbyourmind.com\/de\/wp-json\/wp\/v2\/pages\/2","targetHints":{"allow":["GET"]}}],"collection":[{"href":"https:\/\/bulbyourmind.com\/de\/wp-json\/wp\/v2\/pages"}],"about":[{"href":"https:\/\/bulbyourmind.com\/de\/wp-json\/wp\/v2\/types\/page"}],"author":[{"embeddable":true,"href":"https:\/\/bulbyourmind.com\/de\/wp-json\/wp\/v2\/users\/2"}],"replies":[{"embeddable":true,"href":"https:\/\/bulbyourmind.com\/de\/wp-json\/wp\/v2\/comments?post=2"}],"version-history":[{"count":13,"href":"https:\/\/bulbyourmind.com\/de\/wp-json\/wp\/v2\/pages\/2\/revisions"}],"predecessor-version":[{"id":11640,"href":"https:\/\/bulbyourmind.com\/de\/wp-json\/wp\/v2\/pages\/2\/revisions\/11640"}],"wp:attachment":[{"href":"https:\/\/bulbyourmind.com\/de\/wp-json\/wp\/v2\/media?parent=2"}],"curies":[{"name":"wp","href":"https:\/\/api.w.org\/{rel}","templated":true}]}}